{"id":396,"date":"2020-04-24T10:53:48","date_gmt":"2020-04-24T10:53:48","guid":{"rendered":"http:\/\/martaterapeutavibracional.com\/?page_id=396"},"modified":"2020-06-02T11:24:41","modified_gmt":"2020-06-02T11:24:41","slug":"politica-de-privacitat","status":"publish","type":"page","link":"https:\/\/martaterapeutavibracional.com\/es\/politica-de-privacitat\/","title":{"rendered":"Pol\u00edtica de privacidad"},"content":{"rendered":"<p>[et_pb_section fb_built=\u00bb1&#8243; admin_label=\u00bbFeature\u00bb _builder_version=\u00bb3.22&#8243;][et_pb_row _builder_version=\u00bb4.4.3&#8243;][et_pb_column type=\u00bb4_4&#8243; _builder_version=\u00bb3.25&#8243; custom_padding=\u00bb|||\u00bb custom_padding__hover=\u00bb|||\u00bb][et_pb_text _builder_version=\u00bb4.4.7&#8243; text_font=\u00bb||||||||\u00bb text_line_height=\u00bb2em\u00bb header_font=\u00bb||||||||\u00bb header_2_font=\u00bbMerriweather|700|||||||\u00bb header_2_font_size=\u00bb36px\u00bb header_2_line_height=\u00bb1.6em\u00bb header_2_font_size_tablet=\u00bb\u00bb header_2_font_size_phone=\u00bb20px\u00bb header_2_font_size_last_edited=\u00bbon|phone\u00bb locked=\u00bboff\u00bb]<\/p>\n<h2><span style=\"font-size: x-large;\">Pol\u00edtica de privacidad<\/span><\/h2>\n<p>&nbsp;<\/p>\n<p><strong>Informaci\u00f3 General<\/strong><\/p>\n<p>La finalitat de la pol\u00edtica de privacitat \u00e9s informar-lo del tractament de les dades personals, relacionades amb l\u2019\u00fas de la nostra p\u00e0gina web, i dels serveis associats.<\/p>\n<p><strong>RESPONSABLE<\/strong><br \/> MARTA DOM\u00c8NECH GISPERT, amb nom comercial MARTA TERAPEUTA VIBRACIONAL, NIF 77916831F, Carrer Sant Esteve, 16 de Madremanya \u00a0(17462), Tel\u00e8fon 647713377, e-mail <span><a href=\"mailto:info@martaterapeutavibracional.com\">info@martaterapeutavibracional.com<\/a><\/span><\/p>\n<p>Dades de contacte del Delegat de Protecci\u00f3 de dades: No es disposa de Delegat<\/p>\n<p><strong>FINALITAT<\/strong><br \/> -Tractarem les seves dades per a realitzar gestions comercials i administratives.<br \/> -Remetre comunicacions comercials publicit\u00e0ries per e-mail, comunicats socials o qualsevol altre mitj\u00e0 electr\u00f2nic o f\u00edsic, en cas que l\u2019usuari hagi consentit expressament a l\u2019enviament de comunicats comercials per via electr\u00f2nica mitjan\u00e7ant la subscripci\u00f3 de la Newsletter.<br \/> -Respondre les seves consultes i\/o proporcionar informaci\u00f3 sol\u00b7licitada.<br \/> -Utilitzar les seves dades per a contactar amb vost\u00e8, tant per via electr\u00f2nica com no electr\u00f2nica per a obtenir la seva opini\u00f3 sobre el servei prestat o resultat obtingut dels productes. Notificar-li canvis importants en la pol\u00edtica de privacitat, av\u00eds legal o pol\u00edtica de \u201ccookies\u201d.<br \/> -Les dades de clients i\/o prove\u00efdors es tractaran, dins de la relaci\u00f3 contractual que els vincula amb el Responsable, en compliment de les obligacions administratives, fiscals, comptables i laborals que siguin necess\u00e0ries en virtut de la legislaci\u00f3 vigent.<\/p>\n<p><strong>LEGITIMACI\u00d3<\/strong><br \/> La base legal del tractament de les dades \u00e9s el seu consentiment atorgat per a portar a terme les finalitats abans descrites, que se sol\u00b7licitaran en el moment de marcar la casella corresponent a l\u2019hora de recollir les dades. De no facilitar les dades personals sol\u00b7licitades o el no acceptar la present pol\u00edtica de protecci\u00f3 de dades, suposa la impossibilitat de subscriure\u2019s, registrar-se o rebre informaci\u00f3 dels productes o serveis del Prestador.<br \/> En els casos en qu\u00e8 existeixi una relaci\u00f3 contractual pr\u00e8via entre les parts, la legitimaci\u00f3 per a desenvolupar les obligacions administratives, fiscals, comptables i laborals que siguin necess\u00e0ries en virtut de la legislaci\u00f3 vigent ser\u00e0 l\u2019exist\u00e8ncia pr\u00e8via de la relaci\u00f3 comercial establerta entre les parts.<\/p>\n<p><strong>DESTINATARIS<\/strong><br \/> No es dur\u00e0 a terme cap cessi\u00f3 o comunicaci\u00f3 de dades personals a tercers, tret que existeixi una obligaci\u00f3 legal, o pr\u00e8via obtenci\u00f3 del consentiment de l\u2019usuari. Tampoc es realitzaran transfer\u00e8ncies internacionals de les seves dades de car\u00e0cter personal sense el seu consentiment previ.<\/p>\n<p>&nbsp;<\/p>\n<p><strong>DRETS<\/strong><br \/> La legislaci\u00f3 li reconeix els seg\u00fcents drets com a usuari que ha cedit les seves dades personals:<br \/> Dret d\u2019acc\u00e9s: permet a l\u2019interessat con\u00e8ixer i obtenir informaci\u00f3 sobre les seves dades de car\u00e0cter personal sotmeses a tractament.<\/p>\n<p>Dret de rectificaci\u00f3 o supressi\u00f3: permet corregir errors i modificar les dades que siguin inexactes o incompletes.<\/p>\n<p>Dret de cancel\u00b7laci\u00f3: Permet que se suprimeixin les dades que siguin inadequades o excessives.<br \/> Dret d\u2019oposici\u00f3: dret de l\u2019interessat a qu\u00e8 no es porti a terme el tractament de les seves dades de car\u00e0cter personal o que se cessi en el mateix.<\/p>\n<p>Dret de limitaci\u00f3 del tractament: comporta el marcat de les dades personals conservades, amb la finalitat de limitar el futur tractament.<\/p>\n<p>Dret de portabilitat de les dades: facilitar les dades tractades al l\u2019interessat, amb la finalitat que aquest les pugui transmetre a un altre responsable, sense impediments.<br \/> Dret a no ser objecte de decisions individuals automatitzades (inclosa l\u2019elaboraci\u00f3 de perfils): dret a no ser objecte d\u2019una decisi\u00f3 basada en el tractament automatitzat que produeixi efectes o afecti significativament.<\/p>\n<p>Com a usuari, t\u00e9 dret a retirar el consentiment prestat en qualsevol moment. La retirada del consentiment no afectar\u00e0 la licitud del tractament efectuat abans de la retirada del consentiment. L\u2019exercici d\u2019aquests drets \u00e9s personal, i en el cas de voler-los exercir ho podr\u00e0 fer enviant un e-mail a info@windplus.es, adjuntant una c\u00f2pia del seu DNI\/CIF i indicant quin dret vol exercir.<\/p>\n<p>Tamb\u00e9 t\u00e9 dret a presentar una reclamaci\u00f3 al davant de l\u2019autoritat de control (www.agpd.es) si considera que poden haver-se vulnerat els seus drets amb relaci\u00f3 a la protecci\u00f3 de les seves dades.<\/p>\n<p>&nbsp;<\/p>\n<p><strong>PROCED\u00c8NCIA<\/strong><br \/> Les subministrades pels mateixos usuaris mitjan\u00e7ant els diferents formularis previstos en la p\u00e0gina web.<\/p>\n<p>&nbsp;<\/p>\n<p><strong>LLEIS D\u2019APLICACI\u00d3 EN AQUESTA WEB<\/strong><\/p>\n<p>RGPD Reglament (UE) 2016\/679 del Parlament Europeu i del Consell de 27 d\u2019abril de 2016, relatiu a la protecci\u00f3 de les persones f\u00edsiques.<\/p>\n<p>LOPD (Llei Org\u00e0nica 15\/1999, de 13 de desembre, de protecci\u00f3 de dades de car\u00e0cter personal i Reial Decret 1720\/2007, de 21 de desembre, Reglament de desenvolupament de la LOPD.<\/p>\n<p>LSSI (Llei 34\/2002, d\u201911 de juliol, de Serveis de la Societat de la Informaci\u00f3 i Comer\u00e7 Electr\u00f2nic.<\/p>\n<p>&nbsp;<\/p>\n<p><strong>CANVIS EN LA POL\u00cdTICA DE PRIVACITAT<\/strong><\/p>\n<p>MARTA DOM\u00c8NECH GISPERT, amb nom comercial MARTA TERAPEUTA VIBRACIONAL es reserva el dret a modificar la present Pol\u00edtica de Privacitat, i aquesta es far\u00e0 d\u2019acord amb la legislaci\u00f3 i la jurisprud\u00e8ncia i romandran reflectides en la present Pol\u00edtica de Privacitat.<\/p>\n<p>[\/et_pb_text][\/et_pb_column][\/et_pb_row][\/et_pb_section]<\/p>\n","protected":false},"excerpt":{"rendered":"<p>Pol\u00edtica de privacidad &nbsp; Informaci\u00f3 General La finalitat de la pol\u00edtica de privacitat \u00e9s informar-lo del tractament de les dades personals, relacionades amb l\u2019\u00fas de la nostra p\u00e0gina web, i dels serveis associats. RESPONSABLE MARTA DOM\u00c8NECH GISPERT, amb nom comercial MARTA TERAPEUTA VIBRACIONAL, NIF 77916831F, Carrer Sant Esteve, 16 de Madremanya \u00a0(17462), Tel\u00e8fon 647713377, e-mail [&hellip;]<\/p>\n","protected":false},"author":2,"featured_media":0,"parent":0,"menu_order":0,"comment_status":"closed","ping_status":"closed","template":"","meta":{"_et_pb_use_builder":"on","_et_pb_old_content":"","_et_gb_content_width":"","footnotes":""},"class_list":["post-396","page","type-page","status-publish","hentry"],"yoast_head":"<!-- This site is optimized with the Yoast SEO plugin v25.6 - https:\/\/yoast.com\/wordpress\/plugins\/seo\/ -->\n<title>Pol\u00edtica de privacidad - Marta Terapeuta Vibracional<\/title>\n<meta name=\"robots\" content=\"index, follow, max-snippet:-1, max-image-preview:large, max-video-preview:-1\" \/>\n<link rel=\"canonical\" href=\"https:\/\/martaterapeutavibracional.com\/es\/politica-de-privacitat\/\" \/>\n<meta property=\"og:locale\" content=\"es_ES\" \/>\n<meta property=\"og:type\" content=\"article\" \/>\n<meta property=\"og:title\" content=\"Pol\u00edtica de privacidad - Marta Terapeuta Vibracional\" \/>\n<meta property=\"og:description\" content=\"Pol\u00edtica de privacidad &nbsp; Informaci\u00f3 General La finalitat de la pol\u00edtica de privacitat \u00e9s informar-lo del tractament de les dades personals, relacionades amb l\u2019\u00fas de la nostra p\u00e0gina web, i dels serveis associats. RESPONSABLE MARTA DOM\u00c8NECH GISPERT, amb nom comercial MARTA TERAPEUTA VIBRACIONAL, NIF 77916831F, Carrer Sant Esteve, 16 de Madremanya \u00a0(17462), Tel\u00e8fon 647713377, e-mail [&hellip;]\" \/>\n<meta property=\"og:url\" content=\"https:\/\/martaterapeutavibracional.com\/es\/politica-de-privacitat\/\" \/>\n<meta property=\"og:site_name\" content=\"Marta Terapeuta Vibracional\" \/>\n<meta property=\"article:modified_time\" content=\"2020-06-02T11:24:41+00:00\" \/>\n<meta name=\"twitter:card\" content=\"summary_large_image\" \/>\n<meta name=\"twitter:label1\" content=\"Tiempo de lectura\" \/>\n\t<meta name=\"twitter:data1\" content=\"5 minutos\" \/>\n<script type=\"application\/ld+json\" class=\"yoast-schema-graph\">{\"@context\":\"https:\/\/schema.org\",\"@graph\":[{\"@type\":\"WebPage\",\"@id\":\"https:\/\/martaterapeutavibracional.com\/es\/politica-de-privacitat\/\",\"url\":\"https:\/\/martaterapeutavibracional.com\/es\/politica-de-privacitat\/\",\"name\":\"Pol\u00edtica de privacidad - Marta Terapeuta Vibracional\",\"isPartOf\":{\"@id\":\"https:\/\/martaterapeutavibracional.com\/es\/#website\"},\"datePublished\":\"2020-04-24T10:53:48+00:00\",\"dateModified\":\"2020-06-02T11:24:41+00:00\",\"breadcrumb\":{\"@id\":\"https:\/\/martaterapeutavibracional.com\/es\/politica-de-privacitat\/#breadcrumb\"},\"inLanguage\":\"es\",\"potentialAction\":[{\"@type\":\"ReadAction\",\"target\":[\"https:\/\/martaterapeutavibracional.com\/es\/politica-de-privacitat\/\"]}]},{\"@type\":\"BreadcrumbList\",\"@id\":\"https:\/\/martaterapeutavibracional.com\/es\/politica-de-privacitat\/#breadcrumb\",\"itemListElement\":[{\"@type\":\"ListItem\",\"position\":1,\"name\":\"Inici\",\"item\":\"https:\/\/martaterapeutavibracional.com\/es\/\"},{\"@type\":\"ListItem\",\"position\":2,\"name\":\"Pol\u00edtica de privacidad\"}]},{\"@type\":\"WebSite\",\"@id\":\"https:\/\/martaterapeutavibracional.com\/es\/#website\",\"url\":\"https:\/\/martaterapeutavibracional.com\/es\/\",\"name\":\"Marta Terapeuta Vibracional\",\"description\":\"Ter\u00e0pies vibracionals Marta\",\"potentialAction\":[{\"@type\":\"SearchAction\",\"target\":{\"@type\":\"EntryPoint\",\"urlTemplate\":\"https:\/\/martaterapeutavibracional.com\/es\/?s={search_term_string}\"},\"query-input\":{\"@type\":\"PropertyValueSpecification\",\"valueRequired\":true,\"valueName\":\"search_term_string\"}}],\"inLanguage\":\"es\"}]}<\/script>\n<!-- \/ Yoast SEO plugin. -->","yoast_head_json":{"title":"Pol\u00edtica de privacidad - Marta Terapeuta Vibracional","robots":{"index":"index","follow":"follow","max-snippet":"max-snippet:-1","max-image-preview":"max-image-preview:large","max-video-preview":"max-video-preview:-1"},"canonical":"https:\/\/martaterapeutavibracional.com\/es\/politica-de-privacitat\/","og_locale":"es_ES","og_type":"article","og_title":"Pol\u00edtica de privacidad - Marta Terapeuta Vibracional","og_description":"Pol\u00edtica de privacidad &nbsp; Informaci\u00f3 General La finalitat de la pol\u00edtica de privacitat \u00e9s informar-lo del tractament de les dades personals, relacionades amb l\u2019\u00fas de la nostra p\u00e0gina web, i dels serveis associats. RESPONSABLE MARTA DOM\u00c8NECH GISPERT, amb nom comercial MARTA TERAPEUTA VIBRACIONAL, NIF 77916831F, Carrer Sant Esteve, 16 de Madremanya \u00a0(17462), Tel\u00e8fon 647713377, e-mail [&hellip;]","og_url":"https:\/\/martaterapeutavibracional.com\/es\/politica-de-privacitat\/","og_site_name":"Marta Terapeuta Vibracional","article_modified_time":"2020-06-02T11:24:41+00:00","twitter_card":"summary_large_image","twitter_misc":{"Tiempo de lectura":"5 minutos"},"schema":{"@context":"https:\/\/schema.org","@graph":[{"@type":"WebPage","@id":"https:\/\/martaterapeutavibracional.com\/es\/politica-de-privacitat\/","url":"https:\/\/martaterapeutavibracional.com\/es\/politica-de-privacitat\/","name":"Pol\u00edtica de privacidad - Marta Terapeuta Vibracional","isPartOf":{"@id":"https:\/\/martaterapeutavibracional.com\/es\/#website"},"datePublished":"2020-04-24T10:53:48+00:00","dateModified":"2020-06-02T11:24:41+00:00","breadcrumb":{"@id":"https:\/\/martaterapeutavibracional.com\/es\/politica-de-privacitat\/#breadcrumb"},"inLanguage":"es","potentialAction":[{"@type":"ReadAction","target":["https:\/\/martaterapeutavibracional.com\/es\/politica-de-privacitat\/"]}]},{"@type":"BreadcrumbList","@id":"https:\/\/martaterapeutavibracional.com\/es\/politica-de-privacitat\/#breadcrumb","itemListElement":[{"@type":"ListItem","position":1,"name":"Inici","item":"https:\/\/martaterapeutavibracional.com\/es\/"},{"@type":"ListItem","position":2,"name":"Pol\u00edtica de privacidad"}]},{"@type":"WebSite","@id":"https:\/\/martaterapeutavibracional.com\/es\/#website","url":"https:\/\/martaterapeutavibracional.com\/es\/","name":"Marta Terapeuta Vibracional","description":"Ter\u00e0pies vibracionals Marta","potentialAction":[{"@type":"SearchAction","target":{"@type":"EntryPoint","urlTemplate":"https:\/\/martaterapeutavibracional.com\/es\/?s={search_term_string}"},"query-input":{"@type":"PropertyValueSpecification","valueRequired":true,"valueName":"search_term_string"}}],"inLanguage":"es"}]}},"jetpack_sharing_enabled":true,"_links":{"self":[{"href":"https:\/\/martaterapeutavibracional.com\/es\/wp-json\/wp\/v2\/pages\/396"}],"collection":[{"href":"https:\/\/martaterapeutavibracional.com\/es\/wp-json\/wp\/v2\/pages"}],"about":[{"href":"https:\/\/martaterapeutavibracional.com\/es\/wp-json\/wp\/v2\/types\/page"}],"author":[{"embeddable":true,"href":"https:\/\/martaterapeutavibracional.com\/es\/wp-json\/wp\/v2\/users\/2"}],"replies":[{"embeddable":true,"href":"https:\/\/martaterapeutavibracional.com\/es\/wp-json\/wp\/v2\/comments?post=396"}],"version-history":[{"count":10,"href":"https:\/\/martaterapeutavibracional.com\/es\/wp-json\/wp\/v2\/pages\/396\/revisions"}],"predecessor-version":[{"id":1178,"href":"https:\/\/martaterapeutavibracional.com\/es\/wp-json\/wp\/v2\/pages\/396\/revisions\/1178"}],"wp:attachment":[{"href":"https:\/\/martaterapeutavibracional.com\/es\/wp-json\/wp\/v2\/media?parent=396"}],"curies":[{"name":"wp","href":"https:\/\/api.w.org\/{rel}","templated":true}]}}