{"id":303,"date":"2020-04-24T07:51:21","date_gmt":"2020-04-24T07:51:21","guid":{"rendered":"http:\/\/martaterapeutavibracional.com\/?page_id=303"},"modified":"2020-06-02T11:23:45","modified_gmt":"2020-06-02T11:23:45","slug":"aviso-legal","status":"publish","type":"page","link":"https:\/\/martaterapeutavibracional.com\/es\/aviso-legal\/","title":{"rendered":"Aviso legal"},"content":{"rendered":"<p>[et_pb_section fb_built=\u00bb1&#8243; admin_label=\u00bbFeature\u00bb _builder_version=\u00bb3.22&#8243;][et_pb_row _builder_version=\u00bb4.4.3&#8243;][et_pb_column type=\u00bb4_4&#8243; _builder_version=\u00bb3.25&#8243; custom_padding=\u00bb|||\u00bb custom_padding__hover=\u00bb|||\u00bb][et_pb_text _builder_version=\u00bb4.4.7&#8243; text_font=\u00bb||||||||\u00bb text_line_height=\u00bb2em\u00bb header_font=\u00bb||||||||\u00bb header_2_font=\u00bbMerriweather|700|||||||\u00bb header_2_font_size=\u00bb36px\u00bb header_2_line_height=\u00bb1.6em\u00bb header_2_font_size_tablet=\u00bb\u00bb header_2_font_size_phone=\u00bb20px\u00bb header_2_font_size_last_edited=\u00bbon|phone\u00bb locked=\u00bboff\u00bb]<\/p>\n<h2><span style=\"font-size: x-large;\">Aviso legal<\/span><\/h2>\n<p>De conformitat amb all\u00f2 qu\u00e8 s\u2019estableix a la Llei 34\/2002, d\u201911 de juliol, de Serveis de la Societat de la Informaci\u00f3 i del Comer\u00e7 Electr\u00f2nic (LSSI), seguidament es facilita la informaci\u00f3 general d\u2019aquest lloc web.<\/p>\n<p>\u00a0<strong>TITULARITAT DE LA WEB<\/strong><\/p>\n<p>La titular d\u2019aquesta p\u00e0gina web \u00e9s MARTA DOM\u00c8NECH GISPERT, amb el nom comercial MARTA TERAPEUTA VIBRACIONAL, amb NIF 77916831F, i domicili social al Carrer Sant Esteve, 16, 17462 Madremanya (GIRONA), e-mail <span><a href=\"mailto:marta@terapeutavibracional.com\">info@martaterapeutavibracional.com<\/a><\/span>.<\/p>\n<p>En endavant se l\u2019anomenar\u00e0 RESPONSABLE.<\/p>\n<p>&nbsp;<\/p>\n<p><strong>CONDICIONS GENERALS D\u2019\u00daS<\/strong><\/p>\n<p>L\u2019acc\u00e9s a aquesta p\u00e0gina web \u00e9s responsabilitat exclusiva de l\u2019usuari i suposa acceptar, sense cap reserva, les condicions i termes d\u2019\u00fas continguts en aquesta, aix\u00ed com con\u00e8ixer les advert\u00e8ncies legals. L\u2019usuari es compromet a fer un bon \u00fas de la web i dels seus continguts i serveis i amb car\u00e0cter enunciatiu per\u00f2 no limitatiu, a no utilitzar-les per a activitats il\u00b7l\u00edcites, il\u00b7legals o contr\u00e0ries a la bona fe, la moral, l\u2019ordre p\u00fablic, i els drets o interessos de tercers.<\/p>\n<p>&nbsp;<\/p>\n<p><strong>PROPIETAT INTEL\u00b7LECTUAL I INDUSTRIAL<\/strong><\/p>\n<p>El disseny de la web i els seus codis font, aix\u00ed com els logos, marques i altres signes distintius que apareixen en aquesta, pertanyen al Responsable, i estan protegides pels corresponents drets de propietat intel\u00b7lectual i industrial.<\/p>\n<p>La reproducci\u00f3 total o parcial del material publicat en aquesta web no podr\u00e0 ser reprodu\u00eft, copiat o publicat sense l\u2019autoritzaci\u00f3 escrita del Responsable.<\/p>\n<p>Tots els productes i serveis que no s\u00f3n propietat del Responsable s\u00f3n marques registrades dels seus respectius propietaris i s\u00f3n reconegudes com a tals pel Responsable.<\/p>\n<p>&nbsp;<\/p>\n<p><strong>EXCLUSI\u00d3 DE RESPONSABILITAT<\/strong><\/p>\n<p>La p\u00e0gina web pot incloure enlla\u00e7os (links) a llocs web de tercers. En cap cas el Responsable no pot ser considerat responsable dels continguts d\u2019aquests llocs web perqu\u00e8 no exerceix cap control. Es recomana la lectura de les condicions d\u2019\u00fas, privacitat i tractament de les dades personals d\u2019aquests llocs de tercers.<\/p>\n<p>Tampoc es pot responsabilitzar pels danys i perjudicis de qualsevol classe per errors o omissions en els continguts, la falta de disponibilitat del lloc web, ni garantir l\u2019abs\u00e8ncia de virus o altres elements que pogu\u00e9ssim produir alteracions en el sistema inform\u00e0tic de l\u2019usuari<\/p>\n<p>El Responsable no pot assumir cap responsabilitat per l\u2019\u00fas incorrecte o il\u00b7l\u00edcit de la informaci\u00f3 que apareix en la p\u00e0gina web.<\/p>\n<p>&nbsp;<\/p>\n<p><strong>\u00daS DE \u201cCOOKIES\u201d<\/strong><\/p>\n<p>Aquest lloc web pot utilitzar \u201ccookies\u201d t\u00e8cniques i en tot cas tenen car\u00e0cter temporal.<\/p>\n<p>&nbsp;<\/p>\n<p><strong>LLEIS D\u2019APLICACI\u00d3 EN AQUESTA WEB<\/strong><\/p>\n<p>RGPD-Reglament (UE) 2016\/679 del Parlament Europeu i del Consell de 27 d\u2019abril de 2016, relatiu a la protecci\u00f3 de les persones f\u00edsiques.<\/p>\n<p>LOPD-Llei Org\u00e0nica 15\/1999, de 13 de desembre, de protecci\u00f3 de dades de car\u00e0cter personal i Reial Decret 1720\/2007, de 21 de desembre, Reglament de desenvolupament de la LOPD.<\/p>\n<p>LSSI-Llei 34\/2002, d\u201911 de juliol, de Serveis de la Societat de la Informaci\u00f3 i Comer\u00e7 Electr\u00f2nic.<\/p>\n<p>&nbsp;<\/p>\n<p><strong>LLEI APLICABLE I JURISDICCI\u00d3<\/strong><\/p>\n<p>Per a la resoluci\u00f3 de q\u00fcestions o conflictes relacionades amb el present lloc web o de les activitats desenvolupades en aquesta, ser\u00e0 d\u2019aplicaci\u00f3 la Legislaci\u00f3 espanyola i Europea vigent, sotmetent-se expressament les parts, independentment del seu fur si el tinguessin als Jutjats i Tribunals de Girona.<\/p>\n<p>[\/et_pb_text][\/et_pb_column][\/et_pb_row][\/et_pb_section]<\/p>\n","protected":false},"excerpt":{"rendered":"<p>Aviso legal De conformitat amb all\u00f2 qu\u00e8 s\u2019estableix a la Llei 34\/2002, d\u201911 de juliol, de Serveis de la Societat de la Informaci\u00f3 i del Comer\u00e7 Electr\u00f2nic (LSSI), seguidament es facilita la informaci\u00f3 general d\u2019aquest lloc web. \u00a0TITULARITAT DE LA WEB La titular d\u2019aquesta p\u00e0gina web \u00e9s MARTA DOM\u00c8NECH GISPERT, amb el nom comercial MARTA [&hellip;]<\/p>\n","protected":false},"author":2,"featured_media":0,"parent":0,"menu_order":0,"comment_status":"closed","ping_status":"closed","template":"","meta":{"_et_pb_use_builder":"on","_et_pb_old_content":"","_et_gb_content_width":"","footnotes":""},"class_list":["post-303","page","type-page","status-publish","hentry"],"yoast_head":"<!-- This site is optimized with the Yoast SEO plugin v25.6 - https:\/\/yoast.com\/wordpress\/plugins\/seo\/ -->\n<title>Aviso legal - Marta Terapeuta Vibracional<\/title>\n<meta name=\"robots\" content=\"index, follow, max-snippet:-1, max-image-preview:large, max-video-preview:-1\" \/>\n<link rel=\"canonical\" href=\"https:\/\/martaterapeutavibracional.com\/es\/aviso-legal\/\" \/>\n<meta property=\"og:locale\" content=\"es_ES\" \/>\n<meta property=\"og:type\" content=\"article\" \/>\n<meta property=\"og:title\" content=\"Aviso legal - Marta Terapeuta Vibracional\" \/>\n<meta property=\"og:description\" content=\"Aviso legal De conformitat amb all\u00f2 qu\u00e8 s\u2019estableix a la Llei 34\/2002, d\u201911 de juliol, de Serveis de la Societat de la Informaci\u00f3 i del Comer\u00e7 Electr\u00f2nic (LSSI), seguidament es facilita la informaci\u00f3 general d\u2019aquest lloc web. \u00a0TITULARITAT DE LA WEB La titular d\u2019aquesta p\u00e0gina web \u00e9s MARTA DOM\u00c8NECH GISPERT, amb el nom comercial MARTA [&hellip;]\" \/>\n<meta property=\"og:url\" content=\"https:\/\/martaterapeutavibracional.com\/es\/aviso-legal\/\" \/>\n<meta property=\"og:site_name\" content=\"Marta Terapeuta Vibracional\" \/>\n<meta property=\"article:modified_time\" content=\"2020-06-02T11:23:45+00:00\" \/>\n<meta name=\"twitter:card\" content=\"summary_large_image\" \/>\n<meta name=\"twitter:label1\" content=\"Tiempo de lectura\" \/>\n\t<meta name=\"twitter:data1\" content=\"3 minutos\" \/>\n<script type=\"application\/ld+json\" class=\"yoast-schema-graph\">{\"@context\":\"https:\/\/schema.org\",\"@graph\":[{\"@type\":\"WebPage\",\"@id\":\"https:\/\/martaterapeutavibracional.com\/es\/aviso-legal\/\",\"url\":\"https:\/\/martaterapeutavibracional.com\/es\/aviso-legal\/\",\"name\":\"Aviso legal - Marta Terapeuta Vibracional\",\"isPartOf\":{\"@id\":\"https:\/\/martaterapeutavibracional.com\/es\/#website\"},\"datePublished\":\"2020-04-24T07:51:21+00:00\",\"dateModified\":\"2020-06-02T11:23:45+00:00\",\"breadcrumb\":{\"@id\":\"https:\/\/martaterapeutavibracional.com\/es\/aviso-legal\/#breadcrumb\"},\"inLanguage\":\"es\",\"potentialAction\":[{\"@type\":\"ReadAction\",\"target\":[\"https:\/\/martaterapeutavibracional.com\/es\/aviso-legal\/\"]}]},{\"@type\":\"BreadcrumbList\",\"@id\":\"https:\/\/martaterapeutavibracional.com\/es\/aviso-legal\/#breadcrumb\",\"itemListElement\":[{\"@type\":\"ListItem\",\"position\":1,\"name\":\"Inici\",\"item\":\"https:\/\/martaterapeutavibracional.com\/es\/\"},{\"@type\":\"ListItem\",\"position\":2,\"name\":\"Aviso legal\"}]},{\"@type\":\"WebSite\",\"@id\":\"https:\/\/martaterapeutavibracional.com\/es\/#website\",\"url\":\"https:\/\/martaterapeutavibracional.com\/es\/\",\"name\":\"Marta Terapeuta Vibracional\",\"description\":\"Ter\u00e0pies vibracionals Marta\",\"potentialAction\":[{\"@type\":\"SearchAction\",\"target\":{\"@type\":\"EntryPoint\",\"urlTemplate\":\"https:\/\/martaterapeutavibracional.com\/es\/?s={search_term_string}\"},\"query-input\":{\"@type\":\"PropertyValueSpecification\",\"valueRequired\":true,\"valueName\":\"search_term_string\"}}],\"inLanguage\":\"es\"}]}<\/script>\n<!-- \/ Yoast SEO plugin. -->","yoast_head_json":{"title":"Aviso legal - Marta Terapeuta Vibracional","robots":{"index":"index","follow":"follow","max-snippet":"max-snippet:-1","max-image-preview":"max-image-preview:large","max-video-preview":"max-video-preview:-1"},"canonical":"https:\/\/martaterapeutavibracional.com\/es\/aviso-legal\/","og_locale":"es_ES","og_type":"article","og_title":"Aviso legal - Marta Terapeuta Vibracional","og_description":"Aviso legal De conformitat amb all\u00f2 qu\u00e8 s\u2019estableix a la Llei 34\/2002, d\u201911 de juliol, de Serveis de la Societat de la Informaci\u00f3 i del Comer\u00e7 Electr\u00f2nic (LSSI), seguidament es facilita la informaci\u00f3 general d\u2019aquest lloc web. \u00a0TITULARITAT DE LA WEB La titular d\u2019aquesta p\u00e0gina web \u00e9s MARTA DOM\u00c8NECH GISPERT, amb el nom comercial MARTA [&hellip;]","og_url":"https:\/\/martaterapeutavibracional.com\/es\/aviso-legal\/","og_site_name":"Marta Terapeuta Vibracional","article_modified_time":"2020-06-02T11:23:45+00:00","twitter_card":"summary_large_image","twitter_misc":{"Tiempo de lectura":"3 minutos"},"schema":{"@context":"https:\/\/schema.org","@graph":[{"@type":"WebPage","@id":"https:\/\/martaterapeutavibracional.com\/es\/aviso-legal\/","url":"https:\/\/martaterapeutavibracional.com\/es\/aviso-legal\/","name":"Aviso legal - Marta Terapeuta Vibracional","isPartOf":{"@id":"https:\/\/martaterapeutavibracional.com\/es\/#website"},"datePublished":"2020-04-24T07:51:21+00:00","dateModified":"2020-06-02T11:23:45+00:00","breadcrumb":{"@id":"https:\/\/martaterapeutavibracional.com\/es\/aviso-legal\/#breadcrumb"},"inLanguage":"es","potentialAction":[{"@type":"ReadAction","target":["https:\/\/martaterapeutavibracional.com\/es\/aviso-legal\/"]}]},{"@type":"BreadcrumbList","@id":"https:\/\/martaterapeutavibracional.com\/es\/aviso-legal\/#breadcrumb","itemListElement":[{"@type":"ListItem","position":1,"name":"Inici","item":"https:\/\/martaterapeutavibracional.com\/es\/"},{"@type":"ListItem","position":2,"name":"Aviso legal"}]},{"@type":"WebSite","@id":"https:\/\/martaterapeutavibracional.com\/es\/#website","url":"https:\/\/martaterapeutavibracional.com\/es\/","name":"Marta Terapeuta Vibracional","description":"Ter\u00e0pies vibracionals Marta","potentialAction":[{"@type":"SearchAction","target":{"@type":"EntryPoint","urlTemplate":"https:\/\/martaterapeutavibracional.com\/es\/?s={search_term_string}"},"query-input":{"@type":"PropertyValueSpecification","valueRequired":true,"valueName":"search_term_string"}}],"inLanguage":"es"}]}},"jetpack_sharing_enabled":true,"_links":{"self":[{"href":"https:\/\/martaterapeutavibracional.com\/es\/wp-json\/wp\/v2\/pages\/303"}],"collection":[{"href":"https:\/\/martaterapeutavibracional.com\/es\/wp-json\/wp\/v2\/pages"}],"about":[{"href":"https:\/\/martaterapeutavibracional.com\/es\/wp-json\/wp\/v2\/types\/page"}],"author":[{"embeddable":true,"href":"https:\/\/martaterapeutavibracional.com\/es\/wp-json\/wp\/v2\/users\/2"}],"replies":[{"embeddable":true,"href":"https:\/\/martaterapeutavibracional.com\/es\/wp-json\/wp\/v2\/comments?post=303"}],"version-history":[{"count":10,"href":"https:\/\/martaterapeutavibracional.com\/es\/wp-json\/wp\/v2\/pages\/303\/revisions"}],"predecessor-version":[{"id":1176,"href":"https:\/\/martaterapeutavibracional.com\/es\/wp-json\/wp\/v2\/pages\/303\/revisions\/1176"}],"wp:attachment":[{"href":"https:\/\/martaterapeutavibracional.com\/es\/wp-json\/wp\/v2\/media?parent=303"}],"curies":[{"name":"wp","href":"https:\/\/api.w.org\/{rel}","templated":true}]}}