{"id":1911,"date":"2023-10-25T09:11:25","date_gmt":"2023-10-25T09:11:25","guid":{"rendered":"https:\/\/martaterapeutavibracional.com\/es\/?page_id=1911"},"modified":"2023-10-25T09:12:33","modified_gmt":"2023-10-25T09:12:33","slug":"kit-digital","status":"publish","type":"page","link":"https:\/\/martaterapeutavibracional.com\/es\/kit-digital\/","title":{"rendered":"Kit Digital"},"content":{"rendered":"<p class=\"has-medium-font-size\">Financiado por la Uni\u00f3n Europea &#8211; NextGenerationEU. Sin embargo, los puntos de vista y las opiniones expresadas son \u00fanicamente los del autor o autores y no reflejan necesariamente los de la Uni\u00f3n Europea o la Comisi\u00f3n Europea. Ni la Uni\u00f3n Europea ni la Comisi\u00f3n Europea pueden ser consideradas responsables de las mismas.<\/p><div style=\"height:100px\" aria-hidden=\"true\" class=\"wp-block-spacer\"><\/div><figure class=\"wp-block-image size-large\"><img loading=\"lazy\" decoding=\"async\" width=\"1024\" height=\"119\" src=\"https:\/\/martaterapeutavibracional.com\/es\/wp-content\/uploads\/sites\/3\/2023\/10\/kit-digital-logo-1024x119.png\" alt=\"\" class=\"wp-image-1912\" srcset=\"https:\/\/martaterapeutavibracional.com\/es\/wp-content\/uploads\/sites\/3\/2023\/10\/kit-digital-logo-980x113.png 980w, https:\/\/martaterapeutavibracional.com\/es\/wp-content\/uploads\/sites\/3\/2023\/10\/kit-digital-logo-480x56.png 480w\" sizes=\"(min-width: 0px) and (max-width: 480px) 480px, (min-width: 481px) and (max-width: 980px) 980px, (min-width: 981px) 1024px, 100vw\" \/><\/figure><div style=\"height:300px\" aria-hidden=\"true\" class=\"wp-block-spacer\"><\/div>","protected":false},"excerpt":{"rendered":"<p>Financiado por la Uni\u00f3n Europea &#8211; NextGenerationEU. Sin embargo, los puntos de vista y las opiniones expresadas son \u00fanicamente los del autor o autores y no reflejan necesariamente los de la Uni\u00f3n Europea o la Comisi\u00f3n Europea. Ni la Uni\u00f3n Europea ni la Comisi\u00f3n Europea pueden ser consideradas responsables de las mismas.<\/p>\n","protected":false},"author":1,"featured_media":0,"parent":0,"menu_order":0,"comment_status":"closed","ping_status":"closed","template":"","meta":{"_et_pb_use_builder":"off","_et_pb_old_content":"","_et_gb_content_width":"","footnotes":""},"class_list":["post-1911","page","type-page","status-publish","hentry"],"yoast_head":"<!-- This site is optimized with the Yoast SEO plugin v25.6 - https:\/\/yoast.com\/wordpress\/plugins\/seo\/ -->\n<title>Kit Digital - Marta Terapeuta Vibracional<\/title>\n<meta name=\"robots\" content=\"index, follow, max-snippet:-1, max-image-preview:large, max-video-preview:-1\" \/>\n<link rel=\"canonical\" href=\"https:\/\/martaterapeutavibracional.com\/es\/kit-digital\/\" \/>\n<meta property=\"og:locale\" content=\"es_ES\" \/>\n<meta property=\"og:type\" content=\"article\" \/>\n<meta property=\"og:title\" content=\"Kit Digital - Marta Terapeuta Vibracional\" \/>\n<meta property=\"og:description\" content=\"Financiado por la Uni\u00f3n Europea &#8211; NextGenerationEU. Sin embargo, los puntos de vista y las opiniones expresadas son \u00fanicamente los del autor o autores y no reflejan necesariamente los de la Uni\u00f3n Europea o la Comisi\u00f3n Europea. Ni la Uni\u00f3n Europea ni la Comisi\u00f3n Europea pueden ser consideradas responsables de las mismas.\" \/>\n<meta property=\"og:url\" content=\"https:\/\/martaterapeutavibracional.com\/es\/kit-digital\/\" \/>\n<meta property=\"og:site_name\" content=\"Marta Terapeuta Vibracional\" \/>\n<meta property=\"article:modified_time\" content=\"2023-10-25T09:12:33+00:00\" \/>\n<meta property=\"og:image\" content=\"https:\/\/martaterapeutavibracional.com\/es\/wp-content\/uploads\/sites\/3\/2023\/10\/kit-digital-logo-1024x119.png\" \/>\n<meta name=\"twitter:card\" content=\"summary_large_image\" \/>\n<meta name=\"twitter:label1\" content=\"Tiempo de lectura\" \/>\n\t<meta name=\"twitter:data1\" content=\"1 minuto\" \/>\n<script type=\"application\/ld+json\" class=\"yoast-schema-graph\">{\"@context\":\"https:\/\/schema.org\",\"@graph\":[{\"@type\":\"WebPage\",\"@id\":\"https:\/\/martaterapeutavibracional.com\/es\/kit-digital\/\",\"url\":\"https:\/\/martaterapeutavibracional.com\/es\/kit-digital\/\",\"name\":\"Kit Digital - Marta Terapeuta Vibracional\",\"isPartOf\":{\"@id\":\"https:\/\/martaterapeutavibracional.com\/es\/#website\"},\"primaryImageOfPage\":{\"@id\":\"https:\/\/martaterapeutavibracional.com\/es\/kit-digital\/#primaryimage\"},\"image\":{\"@id\":\"https:\/\/martaterapeutavibracional.com\/es\/kit-digital\/#primaryimage\"},\"thumbnailUrl\":\"https:\/\/martaterapeutavibracional.com\/es\/wp-content\/uploads\/sites\/3\/2023\/10\/kit-digital-logo-1024x119.png\",\"datePublished\":\"2023-10-25T09:11:25+00:00\",\"dateModified\":\"2023-10-25T09:12:33+00:00\",\"breadcrumb\":{\"@id\":\"https:\/\/martaterapeutavibracional.com\/es\/kit-digital\/#breadcrumb\"},\"inLanguage\":\"es\",\"potentialAction\":[{\"@type\":\"ReadAction\",\"target\":[\"https:\/\/martaterapeutavibracional.com\/es\/kit-digital\/\"]}]},{\"@type\":\"ImageObject\",\"inLanguage\":\"es\",\"@id\":\"https:\/\/martaterapeutavibracional.com\/es\/kit-digital\/#primaryimage\",\"url\":\"https:\/\/martaterapeutavibracional.com\/es\/wp-content\/uploads\/sites\/3\/2023\/10\/kit-digital-logo.png\",\"contentUrl\":\"https:\/\/martaterapeutavibracional.com\/es\/wp-content\/uploads\/sites\/3\/2023\/10\/kit-digital-logo.png\",\"width\":2048,\"height\":237},{\"@type\":\"BreadcrumbList\",\"@id\":\"https:\/\/martaterapeutavibracional.com\/es\/kit-digital\/#breadcrumb\",\"itemListElement\":[{\"@type\":\"ListItem\",\"position\":1,\"name\":\"Inici\",\"item\":\"https:\/\/martaterapeutavibracional.com\/es\/\"},{\"@type\":\"ListItem\",\"position\":2,\"name\":\"Kit Digital\"}]},{\"@type\":\"WebSite\",\"@id\":\"https:\/\/martaterapeutavibracional.com\/es\/#website\",\"url\":\"https:\/\/martaterapeutavibracional.com\/es\/\",\"name\":\"Marta Terapeuta Vibracional\",\"description\":\"Ter\u00e0pies vibracionals Marta\",\"potentialAction\":[{\"@type\":\"SearchAction\",\"target\":{\"@type\":\"EntryPoint\",\"urlTemplate\":\"https:\/\/martaterapeutavibracional.com\/es\/?s={search_term_string}\"},\"query-input\":{\"@type\":\"PropertyValueSpecification\",\"valueRequired\":true,\"valueName\":\"search_term_string\"}}],\"inLanguage\":\"es\"}]}<\/script>\n<!-- \/ Yoast SEO plugin. -->","yoast_head_json":{"title":"Kit Digital - Marta Terapeuta Vibracional","robots":{"index":"index","follow":"follow","max-snippet":"max-snippet:-1","max-image-preview":"max-image-preview:large","max-video-preview":"max-video-preview:-1"},"canonical":"https:\/\/martaterapeutavibracional.com\/es\/kit-digital\/","og_locale":"es_ES","og_type":"article","og_title":"Kit Digital - Marta Terapeuta Vibracional","og_description":"Financiado por la Uni\u00f3n Europea &#8211; NextGenerationEU. Sin embargo, los puntos de vista y las opiniones expresadas son \u00fanicamente los del autor o autores y no reflejan necesariamente los de la Uni\u00f3n Europea o la Comisi\u00f3n Europea. Ni la Uni\u00f3n Europea ni la Comisi\u00f3n Europea pueden ser consideradas responsables de las mismas.","og_url":"https:\/\/martaterapeutavibracional.com\/es\/kit-digital\/","og_site_name":"Marta Terapeuta Vibracional","article_modified_time":"2023-10-25T09:12:33+00:00","og_image":[{"url":"https:\/\/martaterapeutavibracional.com\/es\/wp-content\/uploads\/sites\/3\/2023\/10\/kit-digital-logo-1024x119.png","type":"","width":"","height":""}],"twitter_card":"summary_large_image","twitter_misc":{"Tiempo de lectura":"1 minuto"},"schema":{"@context":"https:\/\/schema.org","@graph":[{"@type":"WebPage","@id":"https:\/\/martaterapeutavibracional.com\/es\/kit-digital\/","url":"https:\/\/martaterapeutavibracional.com\/es\/kit-digital\/","name":"Kit Digital - Marta Terapeuta Vibracional","isPartOf":{"@id":"https:\/\/martaterapeutavibracional.com\/es\/#website"},"primaryImageOfPage":{"@id":"https:\/\/martaterapeutavibracional.com\/es\/kit-digital\/#primaryimage"},"image":{"@id":"https:\/\/martaterapeutavibracional.com\/es\/kit-digital\/#primaryimage"},"thumbnailUrl":"https:\/\/martaterapeutavibracional.com\/es\/wp-content\/uploads\/sites\/3\/2023\/10\/kit-digital-logo-1024x119.png","datePublished":"2023-10-25T09:11:25+00:00","dateModified":"2023-10-25T09:12:33+00:00","breadcrumb":{"@id":"https:\/\/martaterapeutavibracional.com\/es\/kit-digital\/#breadcrumb"},"inLanguage":"es","potentialAction":[{"@type":"ReadAction","target":["https:\/\/martaterapeutavibracional.com\/es\/kit-digital\/"]}]},{"@type":"ImageObject","inLanguage":"es","@id":"https:\/\/martaterapeutavibracional.com\/es\/kit-digital\/#primaryimage","url":"https:\/\/martaterapeutavibracional.com\/es\/wp-content\/uploads\/sites\/3\/2023\/10\/kit-digital-logo.png","contentUrl":"https:\/\/martaterapeutavibracional.com\/es\/wp-content\/uploads\/sites\/3\/2023\/10\/kit-digital-logo.png","width":2048,"height":237},{"@type":"BreadcrumbList","@id":"https:\/\/martaterapeutavibracional.com\/es\/kit-digital\/#breadcrumb","itemListElement":[{"@type":"ListItem","position":1,"name":"Inici","item":"https:\/\/martaterapeutavibracional.com\/es\/"},{"@type":"ListItem","position":2,"name":"Kit Digital"}]},{"@type":"WebSite","@id":"https:\/\/martaterapeutavibracional.com\/es\/#website","url":"https:\/\/martaterapeutavibracional.com\/es\/","name":"Marta Terapeuta Vibracional","description":"Ter\u00e0pies vibracionals Marta","potentialAction":[{"@type":"SearchAction","target":{"@type":"EntryPoint","urlTemplate":"https:\/\/martaterapeutavibracional.com\/es\/?s={search_term_string}"},"query-input":{"@type":"PropertyValueSpecification","valueRequired":true,"valueName":"search_term_string"}}],"inLanguage":"es"}]}},"jetpack_sharing_enabled":true,"_links":{"self":[{"href":"https:\/\/martaterapeutavibracional.com\/es\/wp-json\/wp\/v2\/pages\/1911"}],"collection":[{"href":"https:\/\/martaterapeutavibracional.com\/es\/wp-json\/wp\/v2\/pages"}],"about":[{"href":"https:\/\/martaterapeutavibracional.com\/es\/wp-json\/wp\/v2\/types\/page"}],"author":[{"embeddable":true,"href":"https:\/\/martaterapeutavibracional.com\/es\/wp-json\/wp\/v2\/users\/1"}],"replies":[{"embeddable":true,"href":"https:\/\/martaterapeutavibracional.com\/es\/wp-json\/wp\/v2\/comments?post=1911"}],"version-history":[{"count":4,"href":"https:\/\/martaterapeutavibracional.com\/es\/wp-json\/wp\/v2\/pages\/1911\/revisions"}],"predecessor-version":[{"id":1917,"href":"https:\/\/martaterapeutavibracional.com\/es\/wp-json\/wp\/v2\/pages\/1911\/revisions\/1917"}],"wp:attachment":[{"href":"https:\/\/martaterapeutavibracional.com\/es\/wp-json\/wp\/v2\/media?parent=1911"}],"curies":[{"name":"wp","href":"https:\/\/api.w.org\/{rel}","templated":true}]}}